{"id":786,"date":"2021-08-05T23:00:50","date_gmt":"2021-08-05T23:00:50","guid":{"rendered":"http:\/\/www.oxerwines.com\/?page_id=786"},"modified":"2021-08-05T23:04:39","modified_gmt":"2021-08-05T23:04:39","slug":"mahastiak","status":"publish","type":"page","link":"https:\/\/www.oxerwines.com\/?page_id=786","title":{"rendered":"Mahastiak"},"content":{"rendered":"<p>[et_pb_section fb_built=&#8221;1&#8243; admin_label=&#8221;Header&#8221; _builder_version=&#8221;4.8.2&#8243; background_color=&#8221;#f9f5f1&#8243; use_background_color_gradient=&#8221;on&#8221; background_color_gradient_start=&#8221;rgba(40,28,27,0.56)&#8221; background_color_gradient_end=&#8221;rgba(35,31,29,0.84)&#8221; background_color_gradient_overlays_image=&#8221;on&#8221; background_image=&#8221;http:\/\/www.oxerwines.com\/wp-content\/uploads\/2021\/03\/oxer_grande1_filtro.jpg&#8221; custom_padding=&#8221;12vw||12vw||true|false&#8221; locked=&#8221;off&#8221;][et_pb_row _builder_version=&#8221;4.4.3&#8243;][et_pb_column type=&#8221;4_4&#8243; _builder_version=&#8221;4.4.3&#8243;][et_pb_text _builder_version=&#8221;4.8.2&#8243; text_font=&#8221;Lora||||||||&#8221; text_font_size=&#8221;24px&#8221; text_line_height=&#8221;1.6em&#8221; header_font_size=&#8221;110px&#8221; text_orientation=&#8221;center&#8221; background_layout=&#8221;dark&#8221; max_width_last_edited=&#8221;off|phone&#8221; hover_enabled=&#8221;0&#8243; text_font_size_tablet=&#8221;20px&#8221; text_font_size_phone=&#8221;16px&#8221; text_font_size_last_edited=&#8221;on|phone&#8221; header_font_size_tablet=&#8221;60px&#8221; header_font_size_phone=&#8221;40px&#8221; header_font_size_last_edited=&#8221;on|phone&#8221; max_width__hover_enabled=&#8221;off|desktop&#8221; sticky_enabled=&#8221;0&#8243;]<\/p>\n<h1>MAHASTIAK<\/h1>\n<p>[\/et_pb_text][\/et_pb_column][\/et_pb_row][\/et_pb_section][et_pb_section fb_built=&#8221;1&#8243; admin_label=&#8221;Header&#8221; _builder_version=&#8221;4.4.3&#8243; background_color=&#8221;#f9f5f1&#8243; locked=&#8221;off&#8221;][et_pb_row column_structure=&#8221;1_3,2_3&#8243; _builder_version=&#8221;4.8.2&#8243; button_text_color__hover=&#8221;#f9f5f1&#8243; button_text_color__hover_enabled=&#8221;on|hover&#8221; button_bg_color__hover=&#8221;#280400&#8243; button_bg_color__hover_enabled=&#8221;on|hover&#8221; button_custom_padding_tablet=&#8221;18px|50px|18px|50px|true|true&#8221; button_custom_padding_phone=&#8221;16px|40px|16px|40px|true|true&#8221; button_custom_padding_last_edited=&#8221;on|phone&#8221;][et_pb_column type=&#8221;1_3&#8243; _builder_version=&#8221;4.4.3&#8243; custom_padding=&#8221;30px|30px|30px|30px|true|true&#8221; border_width_all=&#8221;2px&#8221; border_color_all=&#8221;#e8e2d7&#8243;][et_pb_text _builder_version=&#8221;4.8.2&#8243; _module_preset=&#8221;default&#8221;]<\/p>\n<p style=\"text-align: center;\">D.O. BIZKAIKO TXAKOLINA<\/p>\n<p>[\/et_pb_text][\/et_pb_column][et_pb_column type=&#8221;2_3&#8243; _builder_version=&#8221;4.4.3&#8243; custom_padding=&#8221;30px|30px|30px|30px|true|true&#8221; border_width_all=&#8221;2px&#8221; border_color_all=&#8221;#e8e2d7&#8243;][et_pb_text _builder_version=&#8221;4.8.2&#8243; text_font=&#8221;Lora||||||||&#8221; text_line_height=&#8221;2em&#8221; custom_padding=&#8221;||0px|||&#8221; hover_enabled=&#8221;0&#8243; locked=&#8221;off&#8221; sticky_enabled=&#8221;0&#8243;]<\/p>\n<p>Mahastiak Kortezubin daude, Bizkaiko kostaldetik hurbil dagoen herri txiki batean, klima atlantiko, heze eta epelarekin, eta mantso heltzen laguntzen dute. 1000-1300 mm-ko plubiometriak; udaberrian eta neguan euri gehien egiten duen garaia da.<br \/>Lur ez oso sakonak eta ez oso emankorrak, pixka bat azidoak eta egitura franko buztintsua dutenak, kareharrizko arrokaren eta tuparrien gainean, maldan eta orientazio onarekin.<br \/>Mahastietako landare-estalkiari, biodinamikari eta permakulturari buruzko ideiarekin bat dator beti txakolina, zuzeneko ardoak, gastronomikoak eta desberdinak baitira.<\/p>\n<p>[\/et_pb_text][\/et_pb_column][\/et_pb_row][et_pb_row _builder_version=&#8221;4.8.2&#8243; _module_preset=&#8221;default&#8221;][et_pb_column type=&#8221;4_4&#8243; _builder_version=&#8221;4.8.2&#8243; _module_preset=&#8221;default&#8221;][et_pb_divider color=&#8221;#8c732a&#8221; divider_weight=&#8221;4px&#8221; _builder_version=&#8221;4.8.2&#8243; _module_preset=&#8221;default&#8221;][\/et_pb_divider][\/et_pb_column][\/et_pb_row][et_pb_row column_structure=&#8221;3_5,2_5&#8243; custom_padding_last_edited=&#8221;on|phone&#8221; module_class=&#8221;reorder-rows&#8221; _builder_version=&#8221;4.8.2&#8243; custom_padding_tablet=&#8221;&#8221; custom_padding_phone=&#8221;1px||||false|false&#8221; button_text_color__hover=&#8221;#f9f5f1&#8243; button_text_color__hover_enabled=&#8221;on|hover&#8221; button_bg_color__hover=&#8221;#280400&#8243; button_bg_color__hover_enabled=&#8221;on|hover&#8221; button_custom_padding_tablet=&#8221;18px|50px|18px|50px|true|true&#8221; button_custom_padding_phone=&#8221;16px|40px|16px|40px|true|true&#8221; button_custom_padding_last_edited=&#8221;on|phone&#8221;][et_pb_column type=&#8221;3_5&#8243; module_class=&#8221;second-on-mobile&#8221; _builder_version=&#8221;4.8.2&#8243; custom_padding=&#8221;30px|30px|30px|30px|true|true&#8221; border_width_all=&#8221;2px&#8221; border_color_all=&#8221;#e8e2d7&#8243;][et_pb_text _builder_version=&#8221;4.8.2&#8243; text_font=&#8221;Lora||||||||&#8221; text_line_height=&#8221;2em&#8221; custom_padding=&#8221;||0px|||&#8221; hover_enabled=&#8221;0&#8243; locked=&#8221;off&#8221; sticky_enabled=&#8221;0&#8243;]<\/p>\n<p>Errioxako mahastiak ia ehun urtetik gorakoak dira, eta Bilarren, Lezan, Navaridasen eta Guardian daude, Arabako Errioxan, Cardenasen eta San Vicente de la Sonsierran, Errioxa Garaian). Modu organikoan lantzen dira, nekazaritza birsortzailearekin eta ingurunearekiko errespeturik handienarekin. Ardandegian ahalik eta gutxien esku hartzen da, ardoek lurra adieraz dezaten.<\/p>\n<p>\u00a0El resultado\u00a0son vinos \u00fanicos, incre\u00edbles, con gran reconocimiento de la cr\u00edtica y muy respetados por los buenos\u00a0aficionados. La marca de distinci\u00f3n de los vinos es su frescura y elegancia. Son vinos con apenas\u00a0extracci\u00f3n y se vinifican con roble franc\u00e9s (siempre usado), fudres austriacos, tinajas de barro de<br \/> Padilla y huevos de hormig\u00f3n, para que el resultado sean vinos frutales y no \u2018maderizados\u2019.<\/p>\n<p>\u00a0Lur ez oso sakonak eta ez oso emankorrak, pixka bat azidoak eta egitura franko buztintsua dutenak, kareharrizko arrokaren eta tuparrien gainean, maldan eta orientazio onarekin.<\/p>\n<p>Mahastietako landare-estalkiari, biodinamikari eta permakulturari buruzko ideiarekin bat dator beti txakolina, zuzeneko ardoak, gastronomikoak eta desberdinak baitira.<\/p>\n<p>[\/et_pb_text][\/et_pb_column][et_pb_column type=&#8221;2_5&#8243; module_class=&#8221;first-on-mobile&#8221; _builder_version=&#8221;4.8.2&#8243; custom_padding=&#8221;30px|30px|30px|30px|true|true&#8221; border_width_all=&#8221;2px&#8221; border_color_all=&#8221;#e8e2d7&#8243;][et_pb_text _builder_version=&#8221;4.8.2&#8243; _module_preset=&#8221;default&#8221;]<\/p>\n<p style=\"text-align: center;\">D.O. RIOJA<\/p>\n<p>[\/et_pb_text][\/et_pb_column][\/et_pb_row][\/et_pb_section][et_pb_section fb_built=&#8221;1&#8243; _builder_version=&#8221;4.8.2&#8243; _module_preset=&#8221;default&#8221;][et_pb_row module_class=&#8221;mobile-1-column&#8221; _builder_version=&#8221;4.8.2&#8243; _module_preset=&#8221;default&#8221;][et_pb_column type=&#8221;4_4&#8243; _builder_version=&#8221;4.8.2&#8243; _module_preset=&#8221;default&#8221;][et_pb_gallery gallery_ids=&#8221;33,34,35,37,50,51,52,53,54,55,56,57,58,59,60,61,62,63,64,65,66,67,68,69,70,71,80,79,78,77,76,75,74,73,72,102,103,135,134,133,132,131,130,129&#8243; posts_number=&#8221;50&#8243; show_title_and_caption=&#8221;off&#8221; show_pagination=&#8221;off&#8221; zoom_icon_color=&#8221;#8c735c&#8221; hover_icon=&#8221;%%51%%&#8221; _builder_version=&#8221;4.8.2&#8243; _module_preset=&#8221;default&#8221; border_width_all_image=&#8221;4px&#8221; border_color_all_image=&#8221;#8c735c&#8221; box_shadow_style_image=&#8221;preset2&#8243; box_shadow_horizontal_image=&#8221;11px&#8221; box_shadow_vertical_image=&#8221;11px&#8221; box_shadow_color_image=&#8221;#FFFFFF&#8221;][\/et_pb_gallery][\/et_pb_column][\/et_pb_row][\/et_pb_section]<\/p>\n","protected":false},"excerpt":{"rendered":"<p>[et_pb_section fb_built=&#8221;1&#8243; admin_label=&#8221;Header&#8221; _builder_version=&#8221;4.8.2&#8243; background_color=&#8221;#f9f5f1&#8243; use_background_color_gradient=&#8221;on&#8221; background_color_gradient_start=&#8221;rgba(40,28,27,0.56)&#8221; background_color_gradient_end=&#8221;rgba(35,31,29,0.84)&#8221; background_color_gradient_overlays_image=&#8221;on&#8221; background_image=&#8221;http:\/\/www.oxerwines.com\/wp-content\/uploads\/2021\/03\/oxer_grande1_filtro.jpg&#8221; custom_padding=&#8221;12vw||12vw||true|false&#8221; locked=&#8221;off&#8221;][et_pb_row _builder_version=&#8221;4.4.3&#8243;][et_pb_column type=&#8221;4_4&#8243; _builder_version=&#8221;4.4.3&#8243;][et_pb_text _builder_version=&#8221;4.8.2&#8243; text_font=&#8221;Lora||||||||&#8221; text_font_size=&#8221;24px&#8221; text_line_height=&#8221;1.6em&#8221; header_font_size=&#8221;110px&#8221; text_orientation=&#8221;center&#8221; background_layout=&#8221;dark&#8221; max_width_last_edited=&#8221;off|phone&#8221; hover_enabled=&#8221;0&#8243; text_font_size_tablet=&#8221;20px&#8221; text_font_size_phone=&#8221;16px&#8221; text_font_size_last_edited=&#8221;on|phone&#8221; header_font_size_tablet=&#8221;60px&#8221; header_font_size_phone=&#8221;40px&#8221; header_font_size_last_edited=&#8221;on|phone&#8221; max_width__hover_enabled=&#8221;off|desktop&#8221; sticky_enabled=&#8221;0&#8243;] MAHASTIAK [\/et_pb_text][\/et_pb_column][\/et_pb_row][\/et_pb_section][et_pb_section fb_built=&#8221;1&#8243; admin_label=&#8221;Header&#8221; _builder_version=&#8221;4.4.3&#8243; background_color=&#8221;#f9f5f1&#8243; locked=&#8221;off&#8221;][et_pb_row column_structure=&#8221;1_3,2_3&#8243; _builder_version=&#8221;4.8.2&#8243; button_text_color__hover=&#8221;#f9f5f1&#8243; button_text_color__hover_enabled=&#8221;on|hover&#8221; button_bg_color__hover=&#8221;#280400&#8243; button_bg_color__hover_enabled=&#8221;on|hover&#8221; button_custom_padding_tablet=&#8221;18px|50px|18px|50px|true|true&#8221; button_custom_padding_phone=&#8221;16px|40px|16px|40px|true|true&#8221; button_custom_padding_last_edited=&#8221;on|phone&#8221;][et_pb_column type=&#8221;1_3&#8243; _builder_version=&#8221;4.4.3&#8243; custom_padding=&#8221;30px|30px|30px|30px|true|true&#8221; border_width_all=&#8221;2px&#8221; border_color_all=&#8221;#e8e2d7&#8243;][et_pb_text _builder_version=&#8221;4.8.2&#8243; _module_preset=&#8221;default&#8221;] [&hellip;]<\/p>\n","protected":false},"author":1,"featured_media":0,"parent":0,"menu_order":0,"comment_status":"closed","ping_status":"closed","template":"","meta":{"_et_pb_use_builder":"on","_et_pb_old_content":"","_et_gb_content_width":"","footnotes":""},"class_list":["post-786","page","type-page","status-publish","hentry"],"_links":{"self":[{"href":"https:\/\/www.oxerwines.com\/index.php?rest_route=\/wp\/v2\/pages\/786","targetHints":{"allow":["GET"]}}],"collection":[{"href":"https:\/\/www.oxerwines.com\/index.php?rest_route=\/wp\/v2\/pages"}],"about":[{"href":"https:\/\/www.oxerwines.com\/index.php?rest_route=\/wp\/v2\/types\/page"}],"author":[{"embeddable":true,"href":"https:\/\/www.oxerwines.com\/index.php?rest_route=\/wp\/v2\/users\/1"}],"replies":[{"embeddable":true,"href":"https:\/\/www.oxerwines.com\/index.php?rest_route=%2Fwp%2Fv2%2Fcomments&post=786"}],"version-history":[{"count":2,"href":"https:\/\/www.oxerwines.com\/index.php?rest_route=\/wp\/v2\/pages\/786\/revisions"}],"predecessor-version":[{"id":788,"href":"https:\/\/www.oxerwines.com\/index.php?rest_route=\/wp\/v2\/pages\/786\/revisions\/788"}],"wp:attachment":[{"href":"https:\/\/www.oxerwines.com\/index.php?rest_route=%2Fwp%2Fv2%2Fmedia&parent=786"}],"curies":[{"name":"wp","href":"https:\/\/api.w.org\/{rel}","templated":true}]}}