{"id":302,"date":"2021-03-09T14:05:14","date_gmt":"2021-03-09T14:05:14","guid":{"rendered":"http:\/\/www.oxerwines.com\/?page_id=302"},"modified":"2021-08-05T22:42:38","modified_gmt":"2021-08-05T22:42:38","slug":"suzzane-2","status":"publish","type":"page","link":"https:\/\/www.oxerwines.com\/?page_id=302&lang=es","title":{"rendered":"Suzzane"},"content":{"rendered":"<p>[et_pb_section fb_built=&#8221;1&#8243; admin_label=&#8221;Header&#8221; _builder_version=&#8221;4.8.2&#8243; background_color=&#8221;#f9f5f1&#8243; background_enable_image=&#8221;off&#8221; background_size=&#8221;contain&#8221; background_position=&#8221;top_right&#8221; custom_padding=&#8221;4px||0px|||&#8221;][et_pb_row _builder_version=&#8221;4.4.4&#8243;][et_pb_column type=&#8221;4_4&#8243; _builder_version=&#8221;4.4.3&#8243;][et_pb_text _builder_version=&#8221;4.8.2&#8243; text_font=&#8221;Lora||||||||&#8221; text_text_color=&#8221;#8c735c&#8221; text_line_height=&#8221;2em&#8221; header_text_color=&#8221;#8c735c&#8221; header_font_size=&#8221;110px&#8221; max_width=&#8221;880px&#8221; header_font_size_tablet=&#8221;60px&#8221; header_font_size_phone=&#8221;40px&#8221; header_font_size_last_edited=&#8221;on|phone&#8221; max_width__hover_enabled=&#8221;off|desktop&#8221;]<\/p>\n<h1>Suzzane<\/h1>\n<p>[\/et_pb_text][\/et_pb_column][\/et_pb_row][et_pb_row _builder_version=&#8221;4.8.2&#8243; use_background_color_gradient=&#8221;on&#8221; background_color_gradient_start=&#8221;rgba(248,245,241,0)&#8221; background_color_gradient_end=&#8221;rgba(248,245,241,0.79)&#8221; background_color_gradient_direction=&#8221;90deg&#8221; background_color_gradient_start_position=&#8221;33%&#8221; background_color_gradient_overlays_image=&#8221;on&#8221; background_image=&#8221;http:\/\/www.oxerwines.com\/wp-content\/uploads\/2021\/03\/suzzaneetqiueta.png&#8221; background_repeat=&#8221;repeat&#8221; background_blend=&#8221;lighten&#8221; custom_margin=&#8221;-42px|auto||auto||&#8221; custom_padding=&#8221;63px|60px|63px|60px|true|true&#8221; locked=&#8221;off&#8221;][et_pb_column type=&#8221;4_4&#8243; _builder_version=&#8221;4.4.4&#8243;][et_pb_text _builder_version=&#8221;4.8.2&#8243; text_font=&#8221;Lora||||||||&#8221; text_line_height=&#8221;2em&#8221; header_2_text_color=&#8221;#280400&#8243; header_2_font_size=&#8221;60px&#8221; header_2_line_height=&#8221;1.2em&#8221; text_orientation=&#8221;right&#8221; custom_margin=&#8221;||-28px|||&#8221; header_2_font_size_tablet=&#8221;40px&#8221; header_2_font_size_phone=&#8221;28px&#8221; header_2_font_size_last_edited=&#8221;on|phone&#8221; header_2_line_height_tablet=&#8221;1.4em&#8221; header_2_line_height_phone=&#8221;&#8221; header_2_line_height_last_edited=&#8221;on|phone&#8221; locked=&#8221;off&#8221;]<\/p>\n<h3><strong>D.O. Rioja<\/strong><\/h3>\n<p><span style=\"color: #8c735c; font-size: 60px;\">2019<\/span><\/p>\n<p>[\/et_pb_text][\/et_pb_column][\/et_pb_row][\/et_pb_section][et_pb_section fb_built=&#8221;1&#8243; _builder_version=&#8221;4.4.4&#8243; background_color=&#8221;#f9f5f1&#8243; background_enable_image=&#8221;off&#8221; background_size=&#8221;initial&#8221; custom_padding=&#8221;0px||0px|||&#8221;][et_pb_row column_structure=&#8221;1_3,1_3,1_3&#8243; module_class=&#8221;mobile-1_2-1_2-column&#8221; _builder_version=&#8221;4.8.2&#8243; custom_margin=&#8221;40px||||false|false&#8221; custom_padding=&#8221;0px|||||&#8221; locked=&#8221;off&#8221;][et_pb_column type=&#8221;1_3&#8243; _builder_version=&#8221;4.4.3&#8243;][et_pb_image src=&#8221;http:\/\/www.oxerwines.com\/wp-content\/uploads\/2021\/03\/SUZZANEBOT.png&#8221; title_text=&#8221;SUZZANEBOT&#8221; align=&#8221;center&#8221; _builder_version=&#8221;4.8.2&#8243; transform_scale_tablet=&#8221;&#8221; transform_scale_phone=&#8221;76%|76%&#8221; transform_scale_last_edited=&#8221;on|phone&#8221; transform_translate_tablet=&#8221;&#8221; transform_translate_phone=&#8221;&#8221; transform_translate_last_edited=&#8221;on|phone&#8221; transform_translate_linked_phone=&#8221;off&#8221; transform_rotate_tablet=&#8221;&#8221; transform_rotate_phone=&#8221;&#8221; transform_rotate_last_edited=&#8221;on|phone&#8221; transform_skew_tablet=&#8221;&#8221; transform_skew_phone=&#8221;&#8221; transform_skew_last_edited=&#8221;on|phone&#8221; transform_origin_tablet=&#8221;&#8221; transform_origin_phone=&#8221;&#8221; transform_origin_last_edited=&#8221;on|phone&#8221; transform_styles_last_edited=&#8221;on|phone&#8221; max_width_tablet=&#8221;300px&#8221; max_width_phone=&#8221;&#8221; max_width_last_edited=&#8221;on|phone&#8221; custom_margin=&#8221;-104px|||-5vw|false|false&#8221; custom_margin_tablet=&#8221;||-20vw|0vw|false|false&#8221; custom_margin_phone=&#8221;&#8221; custom_margin_last_edited=&#8221;on|phone&#8221; custom_padding=&#8221;0px|||||&#8221; transform_styles_tablet=&#8221;&#8221; transform_styles_phone=&#8221;&#8221; locked=&#8221;off&#8221;][\/et_pb_image][\/et_pb_column][et_pb_column type=&#8221;1_3&#8243; _builder_version=&#8221;4.4.3&#8243;][et_pb_text _builder_version=&#8221;4.8.2&#8243; text_font=&#8221;Lora||||||||&#8221; text_line_height=&#8221;2em&#8221; transform_scale_tablet=&#8221;&#8221; transform_scale_phone=&#8221;&#8221; transform_scale_last_edited=&#8221;on|desktop&#8221; transform_translate_tablet=&#8221;&#8221; transform_translate_phone=&#8221;6px|19px&#8221; transform_translate_last_edited=&#8221;on|desktop&#8221; transform_translate_linked=&#8221;off&#8221; transform_rotate_tablet=&#8221;&#8221; transform_rotate_phone=&#8221;&#8221; transform_rotate_last_edited=&#8221;on|desktop&#8221; transform_skew_tablet=&#8221;&#8221; transform_skew_phone=&#8221;&#8221; transform_skew_last_edited=&#8221;on|desktop&#8221; transform_origin_tablet=&#8221;&#8221; transform_origin_phone=&#8221;&#8221; transform_origin_last_edited=&#8221;on|desktop&#8221; min_height=&#8221;397px&#8221; custom_padding=&#8221;0px||0px|||&#8221; locked=&#8221;off&#8221;]<\/p>\n<p><strong>Su Nombre<\/strong><br \/>Suzzane se refiere a la canci\u00f3n Suzanne de Leonard Cohen y es una oda a las mujeres. La contraetiqueta cita a Eduardo Galeano: \u201cRompo este huevo\u00a0y nacen mujer y hombre. Y juntos vivir\u00e1n y morir\u00e1n.\u00a0Pero nacen de nuevo. Nacer\u00e1n y morir\u00e1n y entrar\u00e1n en\u00a0resucitar\u00e1. Y nunca dejar\u00e1 de nacer porque la muerte es mentira \u201d.<\/p>\n<p><strong style=\"font-size: 14px;\">Variedades<\/strong><\/p>\n<p>100% Garnacha<\/p>\n<p>[\/et_pb_text][\/et_pb_column][et_pb_column type=&#8221;1_3&#8243; _builder_version=&#8221;4.4.3&#8243;][et_pb_text _builder_version=&#8221;4.8.2&#8243; text_font=&#8221;Lora||||||||&#8221; text_line_height=&#8221;2em&#8221; min_height=&#8221;518px&#8221; custom_margin=&#8221;-16px|||||&#8221; custom_padding=&#8221;0px|||||&#8221; locked=&#8221;off&#8221;]<\/p>\n<p><strong>\u00a0Vi\u00f1edo<\/strong><br \/>Vi\u00f1edo de 3ha plantado en 1903 en C\u00e1rdenas (Rioja Alta) a 580 metros de altitud. Suelos <br \/>arcillo-ferrosos con algo m\u00e1s del 10% de piedra, d\u00e1ndonos bajos rendimientos, en torno a <br \/>los 2.000 kg por ha. Las diferentes parcelas que componen este vi\u00f1edo nos aportan un extra <br \/>de complejidad al vino.<\/p>\n<p><strong>Vinificaci\u00f3n<\/strong> <br \/>Fermentaci\u00f3n con levaduras ind\u00edgenas en barricas usadas de 500 litros de roble franc\u00e9s, en <br \/>\u00e1nforas de barro de Padilla y en huevo de hormig\u00f3n. Realiza la fermentaci\u00f3n malol\u00e1ctica y <br \/>posterior crianza de 12 meses en barrica de roble franc\u00e9s y huevo de hormig\u00f3n. Entonces se embotella sin filtro.<\/p>\n<p>[\/et_pb_text][\/et_pb_column][\/et_pb_row][\/et_pb_section][et_pb_section fb_built=&#8221;1&#8243; custom_padding_last_edited=&#8221;on|phone&#8221; admin_label=&#8221;Taste Our Wine&#8221; _builder_version=&#8221;4.4.3&#8243; use_background_color_gradient=&#8221;on&#8221; background_color_gradient_start=&#8221;#e8e2d7&#8243; background_color_gradient_end=&#8221;#f9f5f1&#8243; background_color_gradient_direction=&#8221;90deg&#8221; background_color_gradient_start_position=&#8221;40%&#8221; background_color_gradient_end_position=&#8221;40%&#8221; custom_padding=&#8221;0px||100px||false|false&#8221; custom_padding_tablet=&#8221;||30px||false|false&#8221; custom_padding_phone=&#8221;||0px||false|false&#8221; background_last_edited=&#8221;on|phone&#8221; background_color_gradient_start_position_tablet=&#8221;20%&#8221; background_color_gradient_start_position_phone=&#8221;25%&#8221; background_color_gradient_end_position_tablet=&#8221;20%&#8221; background_color_gradient_end_position_phone=&#8221;25%&#8221; locked=&#8221;off&#8221;][et_pb_row column_structure=&#8221;1_4,1_4,1_2&#8243; module_class=&#8221;mobile-1_2-1_2-column&#8221; _builder_version=&#8221;4.8.2&#8243;][et_pb_column type=&#8221;1_4&#8243; _builder_version=&#8221;4.4.3&#8243;][et_pb_image src=&#8221;http:\/\/www.oxerwines.com\/wp-content\/uploads\/2021\/03\/winery-40.png&#8221; _builder_version=&#8221;4.4.3&#8243; custom_margin=&#8221;60px|-100%|||false|false&#8221; custom_margin_tablet=&#8221;0px|-60%|||false|false&#8221; custom_margin_phone=&#8221;|0%|||false|false&#8221; custom_margin_last_edited=&#8221;on|phone&#8221;][\/et_pb_image][\/et_pb_column][et_pb_column type=&#8221;1_4&#8243; _builder_version=&#8221;4.8.2&#8243; background_color=&#8221;#8c735c&#8221; z_index=&#8221;10&#8243; custom_padding=&#8221;160px|30px|80px|30px|false|true&#8221; custom_padding_tablet=&#8221;90px||60px||false|true&#8221; custom_padding_phone=&#8221;&#8221; custom_padding_last_edited=&#8221;on|phone&#8221; hover_transition_duration=&#8221;0ms&#8221; scroll_vertical_motion=&#8221;0|50|50|100|1|0|-1&#8243; scroll_vertical_motion_tablet=&#8221;0|50|50|100|0|0|0&#8243; scroll_vertical_motion_phone=&#8221;&#8221; scroll_vertical_motion_last_edited=&#8221;on|tablet&#8221; box_shadow_style=&#8221;preset2&#8243;][et_pb_text _builder_version=&#8221;4.8.2&#8243; _module_preset=&#8221;default&#8221; header_font_size=&#8221;24px&#8221; header_font_size_tablet=&#8221;&#8221; header_font_size_phone=&#8221;15px&#8221; header_font_size_last_edited=&#8221;on|phone&#8221;]<\/p>\n<h1 style=\"text-align: center;\"><span style=\"color: #ffffff;\">PRODUCCI\u00d3N<\/span><\/h1>\n<p>[\/et_pb_text][\/et_pb_column][et_pb_column type=&#8221;1_2&#8243; _builder_version=&#8221;4.4.3&#8243; custom_padding=&#8221;100px||||false|false&#8221; custom_padding_tablet=&#8221;0px||40px||false|false&#8221; custom_padding_phone=&#8221;&#8221; custom_padding_last_edited=&#8221;on|phone&#8221;][et_pb_text _builder_version=&#8221;4.4.3&#8243; text_font=&#8221;Lora||||||||&#8221; text_line_height=&#8221;2em&#8221; header_2_text_color=&#8221;rgba(40,38,37,0.4)&#8221; header_2_font_size=&#8221;50px&#8221; header_2_line_height=&#8221;1.2em&#8221; header_2_font_size_tablet=&#8221;40px&#8221; header_2_font_size_phone=&#8221;28px&#8221; header_2_font_size_last_edited=&#8221;on|tablet&#8221; header_2_line_height_tablet=&#8221;1.4em&#8221; header_2_line_height_phone=&#8221;&#8221; header_2_line_height_last_edited=&#8221;on|phone&#8221;]<\/p>\n<h2><span style=\"color: #8c735c;\"><span style=\"font-size: 100px;\">4,6k<\/span>\u00a0<\/span>Botellas<\/h2>\n<h2>Producidas \/ A\u00f1o<\/h2>\n<p>[\/et_pb_text][et_pb_text _builder_version=&#8221;4.8.2&#8243; text_font=&#8221;Lora||||||||&#8221; text_line_height=&#8221;2em&#8221; locked=&#8221;off&#8221;]<\/p>\n<p><strong>\u00a0Cata<\/strong><br \/>Suzzane es un vino muy elegante. La seductora textura de terciopelo se<br \/>equilibra con una acidez jugosa y taninos de agarre suave. Sabores de rojo<br \/>cereza, zarza y \u200b\u200bciruela, sabores dulces y picantes como canela\u00a0y cacao, tabaco y violetas. Todo conduciendo a un concentrado\u00a0y regusto complejo.<\/p>\n<p>[\/et_pb_text][\/et_pb_column][\/et_pb_row][et_pb_row _builder_version=&#8221;4.8.2&#8243; _module_preset=&#8221;default&#8221;][et_pb_column type=&#8221;4_4&#8243; _builder_version=&#8221;4.8.2&#8243; _module_preset=&#8221;default&#8221;][et_pb_circle_counter title=&#8221;ROBERT PARKER&#8221; number=&#8221;94&#8243; percent_sign=&#8221;off&#8221; bar_bg_color=&#8221;#8c735c&#8221; circle_color=&#8221;#FFFFFF&#8221; _builder_version=&#8221;4.8.2&#8243; _module_preset=&#8221;default&#8221;][\/et_pb_circle_counter][\/et_pb_column][\/et_pb_row][\/et_pb_section]<\/p>\n","protected":false},"excerpt":{"rendered":"<p>[et_pb_section fb_built=&#8221;1&#8243; admin_label=&#8221;Header&#8221; _builder_version=&#8221;4.8.2&#8243; background_color=&#8221;#f9f5f1&#8243; background_enable_image=&#8221;off&#8221; background_size=&#8221;contain&#8221; background_position=&#8221;top_right&#8221; custom_padding=&#8221;4px||0px|||&#8221;][et_pb_row _builder_version=&#8221;4.4.4&#8243;][et_pb_column type=&#8221;4_4&#8243; _builder_version=&#8221;4.4.3&#8243;][et_pb_text _builder_version=&#8221;4.8.2&#8243; text_font=&#8221;Lora||||||||&#8221; text_text_color=&#8221;#8c735c&#8221; text_line_height=&#8221;2em&#8221; header_text_color=&#8221;#8c735c&#8221; header_font_size=&#8221;110px&#8221; max_width=&#8221;880px&#8221; header_font_size_tablet=&#8221;60px&#8221; header_font_size_phone=&#8221;40px&#8221; header_font_size_last_edited=&#8221;on|phone&#8221; max_width__hover_enabled=&#8221;off|desktop&#8221;] Suzzane [\/et_pb_text][\/et_pb_column][\/et_pb_row][et_pb_row _builder_version=&#8221;4.8.2&#8243; use_background_color_gradient=&#8221;on&#8221; background_color_gradient_start=&#8221;rgba(248,245,241,0)&#8221; background_color_gradient_end=&#8221;rgba(248,245,241,0.79)&#8221; background_color_gradient_direction=&#8221;90deg&#8221; background_color_gradient_start_position=&#8221;33%&#8221; background_color_gradient_overlays_image=&#8221;on&#8221; background_image=&#8221;http:\/\/www.oxerwines.com\/wp-content\/uploads\/2021\/03\/suzzaneetqiueta.png&#8221; background_repeat=&#8221;repeat&#8221; background_blend=&#8221;lighten&#8221; custom_margin=&#8221;-42px|auto||auto||&#8221; custom_padding=&#8221;63px|60px|63px|60px|true|true&#8221; locked=&#8221;off&#8221;][et_pb_column type=&#8221;4_4&#8243; _builder_version=&#8221;4.4.4&#8243;][et_pb_text _builder_version=&#8221;4.8.2&#8243; text_font=&#8221;Lora||||||||&#8221; text_line_height=&#8221;2em&#8221; header_2_text_color=&#8221;#280400&#8243; header_2_font_size=&#8221;60px&#8221; header_2_line_height=&#8221;1.2em&#8221; text_orientation=&#8221;right&#8221; custom_margin=&#8221;||-28px|||&#8221; header_2_font_size_tablet=&#8221;40px&#8221; header_2_font_size_phone=&#8221;28px&#8221; header_2_font_size_last_edited=&#8221;on|phone&#8221; header_2_line_height_tablet=&#8221;1.4em&#8221; header_2_line_height_phone=&#8221;&#8221; header_2_line_height_last_edited=&#8221;on|phone&#8221; locked=&#8221;off&#8221;] [&hellip;]<\/p>\n","protected":false},"author":1,"featured_media":0,"parent":0,"menu_order":0,"comment_status":"closed","ping_status":"closed","template":"","meta":{"_et_pb_use_builder":"on","_et_pb_old_content":"","_et_gb_content_width":"","footnotes":""},"class_list":["post-302","page","type-page","status-publish","hentry"],"_links":{"self":[{"href":"https:\/\/www.oxerwines.com\/index.php?rest_route=\/wp\/v2\/pages\/302","targetHints":{"allow":["GET"]}}],"collection":[{"href":"https:\/\/www.oxerwines.com\/index.php?rest_route=\/wp\/v2\/pages"}],"about":[{"href":"https:\/\/www.oxerwines.com\/index.php?rest_route=\/wp\/v2\/types\/page"}],"author":[{"embeddable":true,"href":"https:\/\/www.oxerwines.com\/index.php?rest_route=\/wp\/v2\/users\/1"}],"replies":[{"embeddable":true,"href":"https:\/\/www.oxerwines.com\/index.php?rest_route=%2Fwp%2Fv2%2Fcomments&post=302"}],"version-history":[{"count":7,"href":"https:\/\/www.oxerwines.com\/index.php?rest_route=\/wp\/v2\/pages\/302\/revisions"}],"predecessor-version":[{"id":761,"href":"https:\/\/www.oxerwines.com\/index.php?rest_route=\/wp\/v2\/pages\/302\/revisions\/761"}],"wp:attachment":[{"href":"https:\/\/www.oxerwines.com\/index.php?rest_route=%2Fwp%2Fv2%2Fmedia&parent=302"}],"curies":[{"name":"wp","href":"https:\/\/api.w.org\/{rel}","templated":true}]}}